{"id":2268,"date":"2024-12-22T23:53:48","date_gmt":"2024-12-22T20:53:48","guid":{"rendered":"https:\/\/mintcream-clam-201856.hostingersite.com\/?post_type=product&#038;p=2268"},"modified":"2024-12-22T23:53:48","modified_gmt":"2024-12-22T20:53:48","slug":"ozel-tasarim-koli","status":"publish","type":"product","link":"https:\/\/smartpackturkiye.com\/en\/product\/ozel-tasarim-koli\/","title":{"rendered":"Custom Design Box"},"content":{"rendered":"","protected":false},"excerpt":{"rendered":"<p>Custom Design Boxes, designed to make a difference with a unique touch to your brand, offer both aesthetics and functionality. Shaped entirely according to your needs and brand identity, these boxes are produced with creative design options and high-quality printing techniques.<\/p>\n<p>Custom-designed boxes, carefully crafted in every detail, can be prepared in various sizes, models, and material options to meet the demands of different industries. These packages, which highlight your product, offer both an aesthetic appearance and effectively communicate your brand's story to your customers.<br \/>\n\tCustom design and logo options for the brand<br \/>\n\tUse of durable and high-quality materials<br \/>\n\tA unique presentation tool for your products<\/p>","protected":false},"featured_media":2269,"comment_status":"closed","ping_status":"closed","template":"","meta":{"_kad_blocks_custom_css":"","_kad_blocks_head_custom_js":"","_kad_blocks_body_custom_js":"","_kad_blocks_footer_custom_js":"","_kad_post_transparent":"default","_kad_post_title":"","_kad_post_layout":"default","_kad_post_sidebar_id":"","_kad_post_content_style":"default","_kad_post_vertical_padding":"default","_kad_post_feature":"","_kad_post_feature_position":"","_kad_post_header":false,"_kad_post_footer":false},"product_brand":[],"product_cat":[27],"product_tag":[40],"class_list":{"0":"post-2268","1":"product","2":"type-product","3":"status-publish","4":"has-post-thumbnail","6":"product_cat-ozel-tasarim","7":"product_tag-ozel-tasarim-koli","9":"first","10":"instock","11":"shipping-taxable","12":"product-type-simple","13":"entry","14":"content-bg","15":"loop-entry"},"taxonomy_info":{"product_cat":[{"value":27,"label":"\u00d6zel Tasar\u0131m"}],"product_tag":[{"value":40,"label":"\u00f6zel-tasarim-koli"}]},"featured_image_src_large":["https:\/\/smartpackturkiye.com\/wp-content\/uploads\/2024\/12\/FREEOCLOCK-01-1024x538.avif",1024,538,true],"author_info":[],"comment_info":0,"_links":{"self":[{"href":"https:\/\/smartpackturkiye.com\/en\/wp-json\/wp\/v2\/product\/2268","targetHints":{"allow":["GET"]}}],"collection":[{"href":"https:\/\/smartpackturkiye.com\/en\/wp-json\/wp\/v2\/product"}],"about":[{"href":"https:\/\/smartpackturkiye.com\/en\/wp-json\/wp\/v2\/types\/product"}],"replies":[{"embeddable":true,"href":"https:\/\/smartpackturkiye.com\/en\/wp-json\/wp\/v2\/comments?post=2268"}],"wp:featuredmedia":[{"embeddable":true,"href":"https:\/\/smartpackturkiye.com\/en\/wp-json\/wp\/v2\/media\/2269"}],"wp:attachment":[{"href":"https:\/\/smartpackturkiye.com\/en\/wp-json\/wp\/v2\/media?parent=2268"}],"wp:term":[{"taxonomy":"product_brand","embeddable":true,"href":"https:\/\/smartpackturkiye.com\/en\/wp-json\/wp\/v2\/product_brand?post=2268"},{"taxonomy":"product_cat","embeddable":true,"href":"https:\/\/smartpackturkiye.com\/en\/wp-json\/wp\/v2\/product_cat?post=2268"},{"taxonomy":"product_tag","embeddable":true,"href":"https:\/\/smartpackturkiye.com\/en\/wp-json\/wp\/v2\/product_tag?post=2268"}],"curies":[{"name":"wp","href":"https:\/\/api.w.org\/{rel}","templated":true}]}}